{"id":7224,"date":"2025-10-10T06:21:47","date_gmt":"2025-10-10T06:21:47","guid":{"rendered":"https:\/\/www.digitalfarm.lt\/?page_id=7224"},"modified":"2025-11-24T03:07:45","modified_gmt":"2025-11-24T03:07:45","slug":"bilietai","status":"publish","type":"page","link":"https:\/\/www.digitalfarm.lt\/lt\/bilietai\/","title":{"rendered":"Bilietai"},"content":{"rendered":"<p>[vc_row][vc_column width=\u201c1\/1&#8243;][vc_column_text uncode_shortcode_id=\u201c106146&#8243;][\/vc_column_text][vc_row_inner row_inner_height_percent=\u201c0&#8243; overlay_alpha=\u201c50&#8243; gutter_size=\u201c3&#8243; shift_y=\u201c0&#8243; z_index=\u201c0&#8243; desktop_visibility=\u201cyes\u201c medium_visibility=\u201cyes\u201c mobile_visibility=\u201cyes\u201c uncode_shortcode_id=\u201c142947&#8243;][vc_column_inner column_width_percent=\u201c100&#8243; gutter_size=\u201c2&#8243; style=\u201cdark\u201c back_color=\u201ccolor-823810&#8243; overlay_alpha=\u201c50&#8243; shift_x=\u201c0&#8243; shift_y=\u201c0&#8243; shift_y_down=\u201c0&#8243; z_index=\u201c0&#8243; medium_width=\u201c0&#8243; mobile_width=\u201c0&#8243; radius=\u201cstd\u201c width=\u201c1\/1&#8243; uncode_shortcode_id=\u201c127260&#8243; back_color_type=\u201cuncode-palette\u201c][vc_custom_heading text_color=\u201caccent\u201c heading_semantic=\u201ch4&#8243; text_size=\u201ch3&#8243; uncode_shortcode_id=\u201c213254&#8243; text_color_type=\u201cuncode-palette\u201c]Specialus pasi\u016blymas[\/vc_custom_heading][vc_column_text uncode_shortcode_id=\u201c274846&#8243;]Tik <strong>Spalio 13\u201317 d.<\/strong> \u2013 perkant 1 biliet\u0105, antras kolegai <strong>NEMOKAMAI! <\/strong>Gausite special\u0173 kod\u0105, kai \u012fsigysite biliet\u0105.[\/vc_column_text][\/vc_column_inner][\/vc_row_inner][vc_row_inner][vc_column_inner column_width_percent=\u201c100&#8243; gutter_size=\u201c1&#8243; style=\u201cdark\u201c back_color=\u201ccolor-823810&#8243; overlay_alpha=\u201c50&#8243; shift_x=\u201c0&#8243; shift_y=\u201c0&#8243; shift_y_down=\u201c0&#8243; z_index=\u201c0&#8243; medium_width=\u201c0&#8243; mobile_width=\u201c0&#8243; radius=\u201cstd\u201c width=\u201c1\/3&#8243; uncode_shortcode_id=\u201c250616&#8243; back_color_type=\u201cuncode-palette\u201c][vc_custom_heading heading_semantic=\u201ch4&#8243; text_size=\u201ch3&#8243; uncode_shortcode_id=\u201c970425&#8243;]Bilietas \u012f Agrifood Forum\u0105[\/vc_custom_heading][vc_column_text uncode_shortcode_id=\u201c155418&#8243;](\u012fein\u0105 programa, kavos pertraukos, piet\u016bs)[\/vc_column_text][vc_empty_space empty_h=\u201c1&#8243;][vc_custom_heading heading_semantic=\u201ch4&#8243; text_size=\u201ch5&#8243; uncode_shortcode_id=\u201c430287&#8243;]Kaina 179 Eur plius PVM[\/vc_custom_heading][vc_empty_space empty_h=\u201c1&#8243;][vc_button button_color=\u201caccent\u201c radius=\u201cbtn-round\u201c border_width=\u201c0&#8243; link=\u201curl:https%3A%2F%2Fagrifood-forumas.eventon.lt%2Freg|target:_blank\u201c button_color_type=\u201cuncode-palette\u201c uncode_shortcode_id=\u201c119409&#8243;]PIRKTI BILIET\u0104 [\/vc_button][\/vc_column_inner][vc_column_inner column_width_percent=\u201c100&#8243; gutter_size=\u201c1&#8243; back_color=\u201ccolor-lxmt\u201c overlay_alpha=\u201c50&#8243; shift_x=\u201c0&#8243; shift_y=\u201c0&#8243; shift_y_down=\u201c0&#8243; z_index=\u201c0&#8243; medium_width=\u201c0&#8243; mobile_width=\u201c0&#8243; radius=\u201cstd\u201c width=\u201c1\/3&#8243; uncode_shortcode_id=\u201c138011&#8243; back_color_type=\u201cuncode-palette\u201c][vc_custom_heading heading_semantic=\u201ch4&#8243; text_size=\u201ch3&#8243; uncode_shortcode_id=\u201c319053&#8243;]Bilietas \u012f Agrifood Forum\u0105 + GALA vakarien\u0117[\/vc_custom_heading][vc_column_text uncode_shortcode_id=\u201c155710&#8243;](\u012fein\u0105 programa, kavos pertraukos, piet\u016bs, plius GALA vakarien\u0117)[\/vc_column_text][vc_empty_space empty_h=\u201c1&#8243;][vc_custom_heading heading_semantic=\u201ch4&#8243; text_size=\u201ch5&#8243; uncode_shortcode_id=\u201c207867&#8243;]Kaina 359 Eur plius PVM[\/vc_custom_heading][vc_empty_space empty_h=\u201c1&#8243;][vc_button button_color=\u201caccent\u201c radius=\u201cbtn-round\u201c border_width=\u201c0&#8243; link=\u201curl:https%3A%2F%2Fagrifood-forumas.eventon.lt%2Freg|target:_blank\u201c button_color_type=\u201cuncode-palette\u201c uncode_shortcode_id=\u201c134328&#8243;]PIRKTI BILIET\u0104 [\/vc_button][\/vc_column_inner][vc_column_inner column_width_percent=\u201c100&#8243; gutter_size=\u201c1&#8243; back_color=\u201ccolor-lxmt\u201c overlay_alpha=\u201c50&#8243; shift_x=\u201c0&#8243; shift_y=\u201c0&#8243; shift_y_down=\u201c0&#8243; z_index=\u201c0&#8243; medium_width=\u201c0&#8243; mobile_width=\u201c0&#8243; radius=\u201cstd\u201c width=\u201c1\/3&#8243; uncode_shortcode_id=\u201c202607&#8243; back_color_type=\u201cuncode-palette\u201c][vc_custom_heading heading_semantic=\u201ch4&#8243; text_size=\u201ch3&#8243; uncode_shortcode_id=\u201c139978&#8243;]Bilietas \u012f GALA vakarien\u0119[\/vc_custom_heading][vc_empty_space empty_h=\u201c1&#8243;][vc_custom_heading heading_semantic=\u201ch4&#8243; text_size=\u201ch5&#8243; uncode_shortcode_id=\u201c152141&#8243;]Kaina 239 Eur plius PVM[\/vc_custom_heading][vc_empty_space empty_h=\u201c1&#8243;][vc_button button_color=\u201caccent\u201c radius=\u201cbtn-round\u201c border_width=\u201c0&#8243; link=\u201curl:https%3A%2F%2Fagrifood-forumas.eventon.lt%2Freg|target:_blank\u201c button_color_type=\u201cuncode-palette\u201c uncode_shortcode_id=\u201c134328&#8243;]PIRKTI BILIET\u0104 [\/vc_button][\/vc_column_inner][\/vc_row_inner][\/vc_column][\/vc_row]<\/p>\n","protected":false},"excerpt":{"rendered":"<p>[vc_row][vc_column width=\u201c1\/1&#8243;][vc_column_text uncode_shortcode_id=\u201c106146&#8243;][\/vc_column_text][vc_row_inner row_inner_height_percent=\u201c0&#8243; overlay_alpha=\u201c50&#8243; gutter_size=\u201c3&#8243; shift_y=\u201c0&#8243; z_index=\u201c0&#8243; desktop_visibility=\u201cyes\u201c medium_visibility=\u201cyes\u201c mobile_visibility=\u201cyes\u201c uncode_shortcode_id=\u201c142947&#8243;][vc_column_inner column_width_percent=\u201c100&#8243; gutter_size=\u201c2&#8243; style=\u201cdark\u201c back_color=\u201ccolor-823810&#8243; overlay_alpha=\u201c50&#8243; shift_x=\u201c0&#8243; shift_y=\u201c0&#8243; shift_y_down=\u201c0&#8243; [&hellip;]<\/p>\n","protected":false},"author":1,"featured_media":0,"parent":0,"menu_order":0,"comment_status":"closed","ping_status":"closed","template":"","meta":[],"yoast_head":"<!-- This site is optimized with the Yoast SEO plugin v17.5 - https:\/\/yoast.com\/wordpress\/plugins\/seo\/ -->\n<title>Bilietai - Agromaisto Forumas 24<\/title>\n<meta name=\"robots\" content=\"index, follow, max-snippet:-1, max-image-preview:large, max-video-preview:-1\" \/>\n<link rel=\"canonical\" href=\"https:\/\/www.digitalfarm.lt\/lt\/bilietai\/\" \/>\n<meta property=\"og:locale\" content=\"lt_LT\" \/>\n<meta property=\"og:type\" content=\"article\" \/>\n<meta property=\"og:title\" content=\"Bilietai - Agromaisto Forumas 24\" \/>\n<meta property=\"og:description\" content=\"[vc_row][vc_column width=\u201c1\/1&#8243;][vc_column_text uncode_shortcode_id=\u201c106146&#8243;][\/vc_column_text][vc_row_inner row_inner_height_percent=\u201c0&#8243; overlay_alpha=\u201c50&#8243; gutter_size=\u201c3&#8243; shift_y=\u201c0&#8243; z_index=\u201c0&#8243; desktop_visibility=\u201cyes\u201c medium_visibility=\u201cyes\u201c mobile_visibility=\u201cyes\u201c uncode_shortcode_id=\u201c142947&#8243;][vc_column_inner column_width_percent=\u201c100&#8243; gutter_size=\u201c2&#8243; style=\u201cdark\u201c back_color=\u201ccolor-823810&#8243; overlay_alpha=\u201c50&#8243; shift_x=\u201c0&#8243; shift_y=\u201c0&#8243; shift_y_down=\u201c0&#8243; [&hellip;]\" \/>\n<meta property=\"og:url\" content=\"https:\/\/www.digitalfarm.lt\/lt\/bilietai\/\" \/>\n<meta property=\"og:site_name\" content=\"Agromaisto Forumas 24\" \/>\n<meta property=\"article:modified_time\" content=\"2025-11-24T03:07:45+00:00\" \/>\n<meta property=\"og:image\" content=\"https:\/\/www.digitalfarm.lt\/wp-content\/uploads\/2022\/11\/Screenshot-2022-11-08-at-22.56.18.png\" \/>\n\t<meta property=\"og:image:width\" content=\"1641\" \/>\n\t<meta property=\"og:image:height\" content=\"716\" \/>\n<meta name=\"twitter:card\" content=\"summary_large_image\" \/>\n<meta name=\"twitter:label1\" content=\"Est. reading time\" \/>\n\t<meta name=\"twitter:data1\" content=\"1 minut\u0117\" \/>\n<script type=\"application\/ld+json\" class=\"yoast-schema-graph\">{\"@context\":\"https:\/\/schema.org\",\"@graph\":[{\"@type\":\"WebSite\",\"@id\":\"https:\/\/www.digitalfarm.lt\/#website\",\"url\":\"https:\/\/www.digitalfarm.lt\/\",\"name\":\"Agromaisto Forumas 24\",\"description\":\"Stipresnis ir \\u017ealesnis nei anks\\u010diau\",\"potentialAction\":[{\"@type\":\"SearchAction\",\"target\":{\"@type\":\"EntryPoint\",\"urlTemplate\":\"https:\/\/www.digitalfarm.lt\/?s={search_term_string}\"},\"query-input\":\"required name=search_term_string\"}],\"inLanguage\":\"lt-LT\"},{\"@type\":\"WebPage\",\"@id\":\"https:\/\/www.digitalfarm.lt\/lt\/bilietai\/#webpage\",\"url\":\"https:\/\/www.digitalfarm.lt\/lt\/bilietai\/\",\"name\":\"Bilietai - Agromaisto Forumas 24\",\"isPartOf\":{\"@id\":\"https:\/\/www.digitalfarm.lt\/#website\"},\"datePublished\":\"2025-10-10T06:21:47+00:00\",\"dateModified\":\"2025-11-24T03:07:45+00:00\",\"breadcrumb\":{\"@id\":\"https:\/\/www.digitalfarm.lt\/lt\/bilietai\/#breadcrumb\"},\"inLanguage\":\"lt-LT\",\"potentialAction\":[{\"@type\":\"ReadAction\",\"target\":[\"https:\/\/www.digitalfarm.lt\/lt\/bilietai\/\"]}]},{\"@type\":\"BreadcrumbList\",\"@id\":\"https:\/\/www.digitalfarm.lt\/lt\/bilietai\/#breadcrumb\",\"itemListElement\":[{\"@type\":\"ListItem\",\"position\":1,\"name\":\"Home\",\"item\":\"https:\/\/www.digitalfarm.lt\/lt\/\"},{\"@type\":\"ListItem\",\"position\":2,\"name\":\"Bilietai\"}]}]}<\/script>\n<!-- \/ Yoast SEO plugin. -->","yoast_head_json":{"title":"Bilietai - Agromaisto Forumas 24","robots":{"index":"index","follow":"follow","max-snippet":"max-snippet:-1","max-image-preview":"max-image-preview:large","max-video-preview":"max-video-preview:-1"},"canonical":"https:\/\/www.digitalfarm.lt\/lt\/bilietai\/","og_locale":"lt_LT","og_type":"article","og_title":"Bilietai - Agromaisto Forumas 24","og_description":"[vc_row][vc_column width=\u201c1\/1&#8243;][vc_column_text uncode_shortcode_id=\u201c106146&#8243;][\/vc_column_text][vc_row_inner row_inner_height_percent=\u201c0&#8243; overlay_alpha=\u201c50&#8243; gutter_size=\u201c3&#8243; shift_y=\u201c0&#8243; z_index=\u201c0&#8243; desktop_visibility=\u201cyes\u201c medium_visibility=\u201cyes\u201c mobile_visibility=\u201cyes\u201c uncode_shortcode_id=\u201c142947&#8243;][vc_column_inner column_width_percent=\u201c100&#8243; gutter_size=\u201c2&#8243; style=\u201cdark\u201c back_color=\u201ccolor-823810&#8243; overlay_alpha=\u201c50&#8243; shift_x=\u201c0&#8243; shift_y=\u201c0&#8243; shift_y_down=\u201c0&#8243; [&hellip;]","og_url":"https:\/\/www.digitalfarm.lt\/lt\/bilietai\/","og_site_name":"Agromaisto Forumas 24","article_modified_time":"2025-11-24T03:07:45+00:00","og_image":[{"width":1641,"height":716,"url":"https:\/\/www.digitalfarm.lt\/wp-content\/uploads\/2022\/11\/Screenshot-2022-11-08-at-22.56.18.png","type":"image\/png"}],"twitter_card":"summary_large_image","twitter_misc":{"Est. reading time":"1 minut\u0117"},"schema":{"@context":"https:\/\/schema.org","@graph":[{"@type":"WebSite","@id":"https:\/\/www.digitalfarm.lt\/#website","url":"https:\/\/www.digitalfarm.lt\/","name":"Agromaisto Forumas 24","description":"Stipresnis ir \u017ealesnis nei anks\u010diau","potentialAction":[{"@type":"SearchAction","target":{"@type":"EntryPoint","urlTemplate":"https:\/\/www.digitalfarm.lt\/?s={search_term_string}"},"query-input":"required name=search_term_string"}],"inLanguage":"lt-LT"},{"@type":"WebPage","@id":"https:\/\/www.digitalfarm.lt\/lt\/bilietai\/#webpage","url":"https:\/\/www.digitalfarm.lt\/lt\/bilietai\/","name":"Bilietai - Agromaisto Forumas 24","isPartOf":{"@id":"https:\/\/www.digitalfarm.lt\/#website"},"datePublished":"2025-10-10T06:21:47+00:00","dateModified":"2025-11-24T03:07:45+00:00","breadcrumb":{"@id":"https:\/\/www.digitalfarm.lt\/lt\/bilietai\/#breadcrumb"},"inLanguage":"lt-LT","potentialAction":[{"@type":"ReadAction","target":["https:\/\/www.digitalfarm.lt\/lt\/bilietai\/"]}]},{"@type":"BreadcrumbList","@id":"https:\/\/www.digitalfarm.lt\/lt\/bilietai\/#breadcrumb","itemListElement":[{"@type":"ListItem","position":1,"name":"Home","item":"https:\/\/www.digitalfarm.lt\/lt\/"},{"@type":"ListItem","position":2,"name":"Bilietai"}]}]}},"_links":{"self":[{"href":"https:\/\/www.digitalfarm.lt\/lt\/wp-json\/wp\/v2\/pages\/7224"}],"collection":[{"href":"https:\/\/www.digitalfarm.lt\/lt\/wp-json\/wp\/v2\/pages"}],"about":[{"href":"https:\/\/www.digitalfarm.lt\/lt\/wp-json\/wp\/v2\/types\/page"}],"author":[{"embeddable":true,"href":"https:\/\/www.digitalfarm.lt\/lt\/wp-json\/wp\/v2\/users\/1"}],"replies":[{"embeddable":true,"href":"https:\/\/www.digitalfarm.lt\/lt\/wp-json\/wp\/v2\/comments?post=7224"}],"version-history":[{"count":20,"href":"https:\/\/www.digitalfarm.lt\/lt\/wp-json\/wp\/v2\/pages\/7224\/revisions"}],"predecessor-version":[{"id":7745,"href":"https:\/\/www.digitalfarm.lt\/lt\/wp-json\/wp\/v2\/pages\/7224\/revisions\/7745"}],"wp:attachment":[{"href":"https:\/\/www.digitalfarm.lt\/lt\/wp-json\/wp\/v2\/media?parent=7224"}],"curies":[{"name":"wp","href":"https:\/\/api.w.org\/{rel}","templated":true}]}}